{"id":7,"date":"2021-08-21T10:25:36","date_gmt":"2021-08-21T10:25:36","guid":{"rendered":"http:\/\/coco-study.org\/?page_id=2"},"modified":"2024-03-07T15:13:43","modified_gmt":"2024-03-07T15:13:43","slug":"info","status":"publish","type":"page","link":"https:\/\/coco-study.org\/en\/","title":{"rendered":"<img src=\"https:\/\/coco-study.org\/wp-content\/uploads\/2022\/03\/Coping_with_Crises_3.png\">"},"content":{"rendered":"<h1 class=\"wp-block-heading has-background-color has-text-color translation-block\" style=\"font-size:3px\">Coping with Corona (CoCo) \u2013 CoCo-Study<br>WWU Muenster \u2013 University Osnabr\u00fcck \u2013 LMU Munich<\/h1>\n\n\n\n<p class=\"has-text-align-center site.header translation-block\">\"How do different people cope with changes caused by crises such as the COVID-19 pandemic and the war in Ukraine?\"<\/p>\n\n\n\n<p class=\"has-text-align-center\">\"Why do people differ in their well-being during crisis situations?\"<\/p>\n\n\n\n<div class=\"wp-block-columns is-layout-flex wp-container-core-columns-is-layout-9d6595d7 wp-block-columns-is-layout-flex\">\n<div class=\"wp-block-column is-vertically-aligned-center is-layout-flow wp-block-column-is-layout-flow\" style=\"flex-basis:66.66%\">\n<p>These are the questions we are addressing as part of our joint research project, Coping with Corona (CoCo), funded by the German Research Foundation (DFG). While the project originally focused on the influence of the COVID-19 pandemic, since the start of the war in Ukraine we have also considered its impact.<br>We are a joint research team from the University of Muenster, the University of Osnabrueck, the LMU Munich, and multiple international project partners (see <a href=\"#team\">Our Team<\/a>).<\/p>\n\n\n\n<p>For us, understanding the individual mechanisms of impact in everyday social life is key to addressing this crisis and those to come. To achieve this, we collaborate internationally with more than 50 renowned scientists from various disciplines (including Germany, the USA, Australia, Israel, Argentina, Brazil, ... <a href=\"https:\/\/coco-study.org\/index.php\/world-map\/\">\u27a4Interactive Map<\/a>) and apply cutting-edge methods of data collection (e.g., smartphone sensing, experience sampling) to achieve reliable insights that are as close as possible to our everyday lifes.&nbsp;<\/p>\n<\/div>\n\n\n\n<div class=\"wp-block-column is-vertically-aligned-center is-layout-flow wp-block-column-is-layout-flow\" style=\"flex-basis:33.33%\">\n<div class=\"wp-block-buttons is-layout-flex wp-block-buttons-is-layout-flex\">\n<div class=\"wp-block-button full-width no-border-radius has-custom-width has-custom-font-size is-style-outline is-style-outline--1\"><a class=\"wp-block-button__link has-accent-color has-text-color has-background wp-element-button\" href=\"https:\/\/coco-study.org\/en\/publications\/\" style=\"border-radius:16px;background-color:#bdd8e7\" rel=\"https:\/\/ww2.unipark.de\/uc\/coco_national-0\/\">We are happy to announce the first publications of the project<br><br>Click here to see our publcations<br><br><p style=\"font-size:12px; text-align:left\"><\/p><input type=\"image\" src=\"https:\/\/coco-study.org\/wp-content\/uploads\/2021\/09\/cropped-CoCo-Logo.png\" style=\"width:180px;\"><\/input><\/a><\/div>\n\n\n\n<div class=\"wp-block-button full-width no-border-radius has-custom-width has-custom-font-size is-style-outline is-style-outline--2\"><a class=\"wp-block-button__link has-accent-color has-text-color has-background wp-element-button\" href=\"https:\/\/coco-study.org\/en\/int-collaborators#coco-data\" style=\"border-radius:16px;background-color:#bdd8e7\">Click here for information on how to use the CoCo data for your research!<\/a><\/div>\n<\/div>\n<\/div>\n<\/div>\n\n\n\n<figure class=\"wp-block-table aligncenter invisible-table team-table\"><table class=\"has-fixed-layout\"><tbody><tr><td class=\"has-text-align-center\" data-align=\"center\"><\/td><td class=\"has-text-align-center\" data-align=\"center\"><\/td><td class=\"has-text-align-center\" data-align=\"center\"><strong><p style=\"color: #808080; font-size:18px;\">Media Coverage<\/p><\/strong><\/td><td class=\"has-text-align-center\" data-align=\"center\"><\/td><td class=\"has-text-align-center\" data-align=\"center\"><\/td><\/tr><tr><td class=\"has-text-align-center\" data-align=\"center\"><a href=\"https:\/\/www.uni-muenster.de\/news\/view.php?cmdid=12239&amp;lang=en\"><img decoding=\"async\" style=\"width: 200px;\" src=\"https:\/\/lh3.googleusercontent.com\/NPR0ba8BsLCku30DqkMDeViNlgudFf0gJGTMwBlYmXIY33VacrCjS0A7ynWBLbI1vmUmyZnuDJiseMvJB7n8MbtjoMK1Vi-KkOaoCYYJUVdu7APiQS1AY-MCPX9I8AOdDzmmM67E=s0\"><\/a><\/td><td class=\"has-text-align-center\" data-align=\"center\"><a href=\"https:\/\/www.psychologytoday.com\/us\/blog\/beyond-big-data\/202203\/we-have-been-remarkably-resilient-in-the-face-covid-19\"><img decoding=\"async\" style=\"width: 200px;\" src=\"https:\/\/coco-study.org\/wp-content\/uploads\/2022\/03\/psychology-today-vector-logo-1.png\"><\/a><\/td><td class=\"has-text-align-center\" data-align=\"center\"><a href=\"https:\/\/www.uni-osnabrueck.de\/kommunikation\/kommunikation-und-marketing-angebot-und-aufgaben\/pressestelle\/pressemeldung\/news\/individueller-umgang-mit-corona-weltweite-umfrage-der-universitaeten-osnabrueck-muenster-und-muenchen\/?tx_news_pi1controller=News&amp;tx_news_pi1action=detail&amp;cHash=451bc0439e8e09bd5159d53e6a10a742\"><img loading=\"lazy\" decoding=\"async\" width=\"200\" height=\"66\" class=\"wp-image-470\" style=\"width: 200px;\" src=\"https:\/\/coco-study.org\/wp-content\/uploads\/2021\/09\/Uni-Osnabrueck.png\" alt=\"\" srcset=\"https:\/\/coco-study.org\/wp-content\/uploads\/2021\/09\/Uni-Osnabrueck.png 912w, https:\/\/coco-study.org\/wp-content\/uploads\/2021\/09\/Uni-Osnabrueck-300x99.png 300w, https:\/\/coco-study.org\/wp-content\/uploads\/2021\/09\/Uni-Osnabrueck-768x253.png 768w, https:\/\/coco-study.org\/wp-content\/uploads\/2021\/09\/Uni-Osnabrueck-18x6.png 18w\" sizes=\"auto, (max-width: 200px) 100vw, 200px\" \/><\/a><\/td><td class=\"has-text-align-center\" data-align=\"center\"><a href=\"https:\/\/www.tagesschau.de\/newsticker\/liveblog-coronavirus-donnerstag-261.html#Wissenschaftler-starten-weltweite-Corona-Umfrage\"><img decoding=\"async\" style=\"width: 200px;\" src=\"https:\/\/coco-study.org\/wp-content\/uploads\/2022\/03\/ts_printlogo.png\"><\/a><\/td><td class=\"has-text-align-center\" data-align=\"center\"><a href=\"https:\/\/www.lmu.de\/de\/newsroom\/newsuebersicht\/news\/wie-fuehlen-sie-sich-gerade.html\"><img decoding=\"async\" class=\"wp-image-470\" style=\"width: 170px;\" src=\"https:\/\/coco-study.org\/wp-content\/uploads\/2022\/03\/LMU_Logo.png\" alt=\"\"><\/a><\/td><\/tr><tr><td class=\"has-text-align-center\" data-align=\"center\"><strong><a href=\"https:\/\/www.uni-muenster.de\/news\/view.php?cmdid=12239&amp;lang=en\" style=\"color: #000000; text-decoration: none; font-size: 14px\">WWU Newsroom<\/a><\/strong><\/td><td class=\"has-text-align-center\" data-align=\"center\"><strong><a href=\"https:\/\/www.psychologytoday.com\/us\/blog\/beyond-big-data\/202203\/we-have-been-remarkably-resilient-in-the-face-covid-19\" style=\"color: #000000; text-decoration: none; font-size: 14px\">Psychology Today<\/a><\/strong><\/td><td class=\"has-text-align-center\" data-align=\"center\"><strong><a href=\"https:\/\/www.uni-osnabrueck.de\/kommunikation\/kommunikation-und-marketing-angebot-und-aufgaben\/pressestelle\/pressemeldung\/news\/individueller-umgang-mit-corona-weltweite-umfrage-der-universitaeten-osnabrueck-muenster-und-muenchen\/?tx_news_pi1controller=News&amp;tx_news_pi1action=detail&amp;cHash=451bc0439e8e09bd5159d53e6a10a742\" style=\"color: #000000; text-decoration: none; font-size: 14px\">UOS Newsroom<\/a><\/strong><\/td><td class=\"has-text-align-center\" data-align=\"center\"><strong><a href=\"https:\/\/www.tagesschau.de\/newsticker\/liveblog-coronavirus-donnerstag-261.html#Wissenschaftler-starten-weltweite-Corona-Umfrage\" style=\"color: #000000; text-decoration: none; font-size: 14px\">Tagesschau<\/a><\/strong><\/td><td class=\"has-text-align-center\" data-align=\"center\"><strong><a href=\"https:\/\/www.lmu.de\/de\/newsroom\/newsuebersicht\/news\/wie-fuehlen-sie-sich-gerade.html\" style=\"color: #000000; text-decoration: none; font-size: 14px\">LMU Newsroom<\/a><\/strong><\/td><\/tr><\/tbody><\/table><\/figure>\n\n\n\n<div class=\"wp-block-columns is-layout-flex wp-container-core-columns-is-layout-9d6595d7 wp-block-columns-is-layout-flex\">\n<div class=\"wp-block-column is-layout-flow wp-block-column-is-layout-flow\" style=\"flex-basis:100%\">\n<div class=\"wp-block-group\"><div class=\"wp-block-group__inner-container is-layout-flow wp-block-group-is-layout-flow\">\n<figure class=\"logos-block wp-block-table aligncenter invisible-table noborder is-style-regular\"><table class=\"has-primary-color has-text-color has-background\" style=\"background-color:#ffffff; width:100vw\"><tbody><tr>\r\n<td class=\"has-text-align-center\" data-align=\"center\"><img decoding=\"async\" class=\"wp-image-474\" style=\"width: 15vw;\" src=\"https:\/\/coco-study.org\/wp-content\/uploads\/2021\/09\/Transparent_Spacer-1-e1632298568697.png\" alt=\"\"><\/td>\r\n<td class=\"has-text-align-center\" data-align=\"center\"><img loading=\"lazy\" decoding=\"async\" width=\"300\" height=\"87\" class=\"wp-image-474\" style=\"width: 300px;\" src=\"https:\/\/coco-study.org\/wp-content\/uploads\/2021\/09\/WWU_neu.png\" alt=\"\" srcset=\"https:\/\/coco-study.org\/wp-content\/uploads\/2021\/09\/WWU_neu.png 2560w, https:\/\/coco-study.org\/wp-content\/uploads\/2021\/09\/WWU_neu-300x87.png 300w, https:\/\/coco-study.org\/wp-content\/uploads\/2021\/09\/WWU_neu-1024x298.png 1024w, https:\/\/coco-study.org\/wp-content\/uploads\/2021\/09\/WWU_neu-768x224.png 768w, https:\/\/coco-study.org\/wp-content\/uploads\/2021\/09\/WWU_neu-1536x447.png 1536w, https:\/\/coco-study.org\/wp-content\/uploads\/2021\/09\/WWU_neu-2048x596.png 2048w, https:\/\/coco-study.org\/wp-content\/uploads\/2021\/09\/WWU_neu-18x5.png 18w, https:\/\/coco-study.org\/wp-content\/uploads\/2021\/09\/WWU_neu-1200x349.png 1200w, https:\/\/coco-study.org\/wp-content\/uploads\/2021\/09\/WWU_neu-1980x576.png 1980w\" sizes=\"auto, (max-width: 300px) 100vw, 300px\" \/><\/td>\r\n<td class=\"has-text-align-center\" data-align=\"center\"><img loading=\"lazy\" decoding=\"async\" width=\"300\" height=\"99\" class=\"wp-image-470\" style=\"width: 300px;\" src=\"https:\/\/coco-study.org\/wp-content\/uploads\/2021\/09\/Uni-Osnabrueck.png\" alt=\"\" srcset=\"https:\/\/coco-study.org\/wp-content\/uploads\/2021\/09\/Uni-Osnabrueck.png 912w, https:\/\/coco-study.org\/wp-content\/uploads\/2021\/09\/Uni-Osnabrueck-300x99.png 300w, https:\/\/coco-study.org\/wp-content\/uploads\/2021\/09\/Uni-Osnabrueck-768x253.png 768w, https:\/\/coco-study.org\/wp-content\/uploads\/2021\/09\/Uni-Osnabrueck-18x6.png 18w\" sizes=\"auto, (max-width: 300px) 100vw, 300px\" \/> <\/td>\r\n<td class=\"has-text-align-right\" data-align=\"right\"><img decoding=\"async\" class=\"wp-image-471\" style=\"width: 250px;\" src=\"https:\/\/coco-study.org\/wp-content\/uploads\/2022\/03\/LMU_Logo.png\" alt=\"\"><\/td>\r\n<td class=\"has-text-align-center\" data-align=\"center\"><img decoding=\"async\" class=\"wp-image-474\" style=\"width: 15vw;\" src=\"https:\/\/coco-study.org\/wp-content\/uploads\/2021\/09\/Transparent_Spacer-1-e1632298568697.png\" alt=\"\"><\/td>\r\n<\/tr><\/tbody><\/table><\/figure>\n<\/div><\/div>\n<\/div>\n<\/div>\n\n\n\n<p id=\"objectives\"><\/p>\n\n\n\n<div class=\"wp-block-columns is-layout-flex wp-container-core-columns-is-layout-9d6595d7 wp-block-columns-is-layout-flex\">\n<div class=\"wp-block-column is-layout-flow wp-block-column-is-layout-flow\" style=\"flex-basis:33.33%\">\n<p><br><\/p>\n\n\n\n<figure class=\"wp-block-image size-full is-resized\"><img loading=\"lazy\" decoding=\"async\" width=\"512\" height=\"512\" src=\"https:\/\/coco-study.org\/wp-content\/uploads\/2021\/09\/cropped-CoCo-Logo-1.png\" alt=\"\" class=\"wp-image-335\" style=\"width:384px;height:384px\" srcset=\"https:\/\/coco-study.org\/wp-content\/uploads\/2021\/09\/cropped-CoCo-Logo-1.png 512w, https:\/\/coco-study.org\/wp-content\/uploads\/2021\/09\/cropped-CoCo-Logo-1-300x300.png 300w, https:\/\/coco-study.org\/wp-content\/uploads\/2021\/09\/cropped-CoCo-Logo-1-150x150.png 150w, https:\/\/coco-study.org\/wp-content\/uploads\/2021\/09\/cropped-CoCo-Logo-1-270x270.png 270w, https:\/\/coco-study.org\/wp-content\/uploads\/2021\/09\/cropped-CoCo-Logo-1-192x192.png 192w, https:\/\/coco-study.org\/wp-content\/uploads\/2021\/09\/cropped-CoCo-Logo-1-180x180.png 180w, https:\/\/coco-study.org\/wp-content\/uploads\/2021\/09\/cropped-CoCo-Logo-1-32x32.png 32w\" sizes=\"auto, (max-width: 512px) 100vw, 512px\" \/><\/figure>\n\n\n\n<p><\/p>\n<\/div>\n\n\n\n<div class=\"wp-block-column is-vertically-aligned-top is-layout-flow wp-block-column-is-layout-flow\" style=\"flex-basis:66.66%\">\n<h2 class=\"wp-block-heading .fullWidthSectionBG\"><strong>Our Research Objectives<\/strong><\/h2>\n\n\n\n<p>The CoCo project initially aimed primarily to gain key insights into the relationship of Covid-19 pandemic changes, restrictions, and relaxations with various aspects of well-being (e.g., life satisfaction, happiness, loneliness). However, now the war in Ukraine triggers a devastating crisis and worries many people. To address this situation, we are now broadening the goal of the project to include the war in Ukraine. Here, we are particularly interested in differences between people and in the role played by individual social experiences and individual ways of dealing with crisis situations.<br><meta charset=\"utf-8\">To answer our research questions, we conduct a longitudinal and international studies. You can find a detailed overview of this study by clicking on <a href=\"https:\/\/coco-study.org\/index.php\/studies\/\">Our Studies<\/a>. Recommendations for future crisis interventions on the individual and societal level should be derived from our findings.<br><meta charset=\"utf-8\"><br><br><br><br><\/p>\n<\/div>\n<\/div>\n\n\n\n<h2 class=\"wp-block-heading\" id=\"team\"><meta charset=\"utf-8\"><\/h2>\n\n\n\n<div class=\"wp-block-group\"><div class=\"wp-block-group__inner-container is-layout-flow wp-block-group-is-layout-flow\">\n<figure class=\"logos-block2 table-align-left wp-block-table alignleft invisible-table noborder is-style-regular\"><table class=\"has-primary-color has-text-color has-background\" style=\"width:100vw; text-align:left;\">\r\n<tbody style=\"text-align:left; vertical-align:top\"><tr>\r\n\r\n<td><\/td>\r\n<td class=\"column2\" align=\"left\"><meta charset=\"utf-8\"><h2 id=\"team\">Our Team<\/h2>\r\n<p>Our team consists of professors, post-docs, Ph.D. candidates, and student research assistants from the participating universities:<\/p>\r\n<ul><meta charset=\"utf-8\"><li><strong>University of Muenster (WWU)<\/strong> <strong>(WWU)<\/strong><br>Chair: Psychological Assessment and Personality Psychology<br>Lead: Prof. Dr. Mitja Back<\/li><li><strong>University of Osnabrueck (UOS)<br><\/strong>Chair: Developmental Psychology<br>Lead: Prof. Dr. Maarten van Zalk<\/li><li><strong>Ludwig-Maximilians-University Munich (LMU)<br><\/strong>Chair: Psychological Methods &amp; Assessment<br>Lead: Prof. Dr. Markus Buehner<\/li><\/ul>\r\n<\/td>\r\n<td><\/td><\/tbody><\/table><\/figure>\n<\/div><\/div>\n\n\n\n<div class=\"uni-list\">\r\n\r\n<h2 id=\"team\">Our Team<\/h2>\r\n<p>Our team consists of professors, post-docs, Ph.D. candidates, and student research assistants from the participating universities:<\/p>\r\n<ul><meta charset=\"utf-8\"><li><strong>University of Muenster (WWU)<\/strong> <strong>(WWU)<\/strong><br>Chair: Psychological Assessment and Personality Psychology<br>Lead: Prof. Dr. Mitja Back<\/li><li><strong>University of Osnabrueck (UOS)<br><\/strong>Chair: Developmental Psychology<br>Lead: Prof. Dr. Maarten van Zalk<\/li><li><strong>Ludwig-Maximilians-University Munich (LMU)<br><\/strong>Chair: Psychological Methods &amp; Assessment<br>Lead: Prof. Dr. Markus Buehner<\/li><\/ul>\r\n<\/div>\n\n\n\n<figure class=\"wp-block-table aligncenter invisible-table table-align-top team-table\"><table class=\"has-fixed-layout\"><tbody><tr><td class=\"has-text-align-center\" data-align=\"center\"><img decoding=\"async\" src=\"https:\/\/lh3.googleusercontent.com\/NPR0ba8BsLCku30DqkMDeViNlgudFf0gJGTMwBlYmXIY33VacrCjS0A7ynWBLbI1vmUmyZnuDJiseMvJB7n8MbtjoMK1Vi-KkOaoCYYJUVdu7APiQS1AY-MCPX9I8AOdDzmmM67E=s0\" style=\"width: 250px;\"><\/td><td class=\"has-text-align-center\" data-align=\"center\"><meta charset=\"utf-8\"><img loading=\"lazy\" decoding=\"async\" width=\"250\" height=\"82\" class=\"wp-image-470\" style=\"width: 250px;\" src=\"https:\/\/coco-study.org\/wp-content\/uploads\/2021\/09\/Uni-Osnabrueck.png\" alt=\"\" srcset=\"https:\/\/coco-study.org\/wp-content\/uploads\/2021\/09\/Uni-Osnabrueck.png 912w, https:\/\/coco-study.org\/wp-content\/uploads\/2021\/09\/Uni-Osnabrueck-300x99.png 300w, https:\/\/coco-study.org\/wp-content\/uploads\/2021\/09\/Uni-Osnabrueck-768x253.png 768w, https:\/\/coco-study.org\/wp-content\/uploads\/2021\/09\/Uni-Osnabrueck-18x6.png 18w\" sizes=\"auto, (max-width: 250px) 100vw, 250px\" \/><\/td><td class=\"has-text-align-center\" data-align=\"center\"><meta charset=\"utf-8\"><img decoding=\"async\" class=\"wp-image-470\" style=\"width: 200px;\" src=\"https:\/\/coco-study.org\/wp-content\/uploads\/2022\/03\/LMU_Logo.png\" alt=\"\"><\/td><td class=\"has-text-align-center\" data-align=\"center\"><img decoding=\"async\" src=\"https:\/\/coco-study.org\/wp-content\/uploads\/2021\/10\/Partner_eng-e1633530928904.png\"><\/td><\/tr><tr><td class=\"has-text-align-center\" data-align=\"center\"><strong><img loading=\"lazy\" decoding=\"async\" width=\"602\" height=\"752\" src=\"https:\/\/lh3.googleusercontent.com\/gA1I6zoEIiFGeRL1pBK7h2MNSfz48QOecqQ4XcwtYfuGVDWXLcnKLEj0fXPyOR5YmShHqV6zgaOJKPmVrOL9re6c_wKa4JRZh3UAq_xv1o4goLYgAz7GBldC_EP_Cv_oSBZdydUY\"><\/strong><\/td><td class=\"has-text-align-center\" data-align=\"center\"><strong><img loading=\"lazy\" decoding=\"async\" width=\"500\" height=\"625\" src=\"https:\/\/lh5.googleusercontent.com\/4UP78N3O4LiGX-0M_XOxDA4R8tVNaIpUnlBzDnZ8K1YXLXgviaE1DqsGbVs3GPTefYqN1jpXnQyGjttl9RkBmtDcwnivYUNHKoc_nPeyGKpLQB7O3l7Sii3Y3RA13YCJDnUX-6T8\"><\/strong><\/td><td class=\"has-text-align-center\" data-align=\"center\"><strong><img decoding=\"async\" src=\"https:\/\/lh5.googleusercontent.com\/-cgp-piyHCyHvYVlUs5zRyO7_MOYTqwmtOfm4A_AqQqeDubaiFNf1hql1RylccHFFheWeeOy9cRVSPPHiq-X6UwSfXZrq9zodbvpbyY8Z2Hz9dnbWlWnEYG5kWZ7Ey2sWdu5XoUh\" style=\"width: 300px;\"><\/strong><\/td><td class=\"has-text-align-center\" data-align=\"center\"><img loading=\"lazy\" decoding=\"async\" width=\"346\" height=\"433\" src=\"https:\/\/lh3.googleusercontent.com\/aVQubNxvWKgbAkNpiepa8zYopmAW0H58sWcz4KreETLpG-IkFyOtjBN5yncvUxR6H-yc6dDzoiaLBsIXU7a2Xqr5rNtzmPcY7RhqS-yPxWG63ljtTpuxCor4qaEUCKzIJcx0nLJV\"><\/td><\/tr><tr><td class=\"has-text-align-center\" data-align=\"center\"><meta charset=\"utf-8\">Prof. Dr. <br>Mitja Back<br>Project Lead WWU<\/td><td class=\"has-text-align-center\" data-align=\"center\"><meta charset=\"utf-8\">Prof. Dr.<br>Maarten van Zalk<br>Project Lead UOS<\/td><td class=\"has-text-align-center\" data-align=\"center\"><meta charset=\"utf-8\">Prof. Dr. <br>Markus B\u00fchner<br>Project Lead LMU<\/td><td class=\"has-text-align-center\" data-align=\"center\"><meta charset=\"utf-8\">Prof. Gabriela<br>Harari, Ph.D.<br>Stanford University<\/td><\/tr><tr><td class=\"has-text-align-center\" data-align=\"center\"><meta charset=\"utf-8\"><img loading=\"lazy\" decoding=\"async\" width=\"602\" height=\"752\" src=\"https:\/\/lh6.googleusercontent.com\/trDGPZdQXLllrc35fQA9-j_BR3NUzuAYheZzovemPyJRB_sKCN4--mCg-VYl5BodpAGivdmeJTD62bPEuhDznCMYLpgYqh_wsaC9trdrDE3XNMgG70h09JeiSdAxV3vj6X1ucH7t\"><\/td><td class=\"has-text-align-center\" data-align=\"center\"><meta charset=\"utf-8\"><img loading=\"lazy\" decoding=\"async\" width=\"378\" height=\"473\" src=\"https:\/\/lh5.googleusercontent.com\/5vtFyS_fIstwDyxftvYc_abeXdOhQlqnpzW0Z66lw16tkTqDx2EG8X92yPhnQnF5fKsFNiEi9OAvDaKzzgMylduxBr2VegCRj27IJbxJBqQix2MG_IFtsaAXYGXSHNCLAvdG8VJK\"><\/td><td class=\"has-text-align-center\" data-align=\"center\"><meta charset=\"utf-8\"><img decoding=\"async\" src=\"https:\/\/lh3.googleusercontent.com\/bOJhOTnIUHULFfSs4cZI_00NjNwuwPUyREQ6lTT2eFkpgNJNCckxpD7-jO1EzYnRXZQWrxufi9RSM3vaZprcKR1OxdOUF8lxapCgWAqzDzmD9lWspWlSdNhwVazT73j8Lo-aoltm\" style=\"width: 300px;\"><\/td><td class=\"has-text-align-center\" data-align=\"center\"><img loading=\"lazy\" decoding=\"async\" width=\"602\" height=\"752\" src=\"https:\/\/lh5.googleusercontent.com\/SYd3uPsU88TzuKoRHgRc5pQvsji_D9SJUwydsIpTcszfQW4vOcydIJlyIWqDNEsje2Q4dHjNHeTlFtOYGzbDtJ5r4AwBg2d7OQLQAqiEZWy62bjYaXctoFM1V7EnsaUjVuLslg8l\"><\/td><\/tr><tr><td class=\"has-text-align-center\" data-align=\"center\">Dr. Katharina Geukes<br>Post-Doc<br>WWU<\/td><td class=\"has-text-align-center\" data-align=\"center\">Dr. Maor Shani<br>Post-Doc<br>UOS<\/td><td class=\"has-text-align-center\" data-align=\"center\">Dr. Ramona Schoedel<br>Post-Doc<br>LMU<\/td><td class=\"has-text-align-center\" data-align=\"center\">Prof. Sandra<br>Matz, Ph.D.<br>Columbia University<\/td><\/tr><tr><td class=\"has-text-align-center\" data-align=\"center\"><meta charset=\"utf-8\"><img loading=\"lazy\" decoding=\"async\" width=\"602\" height=\"752\" src=\"https:\/\/lh6.googleusercontent.com\/RRvB8K-XhJV2n5kUWzc60okZaMykDBW9Xc20birtvRcHX-qbHaKjdtzWuh9psx4UwJt3XRZis8_099DGgW6BN4baKWXlq3c9LXKRMWSF-XWQ59-ra5hcz55_SlltjZk2vZzF58WA\"><\/td><td class=\"has-text-align-center\" data-align=\"center\"><meta charset=\"utf-8\"><img decoding=\"async\" src=\"https:\/\/lh3.googleusercontent.com\/_DENYflJoOo1IbY5HX_uRnCBJaeTAGJjlFl2PxASgWeL93V6qjIbdrDuNUZp48Cp33RjVB-VHv_4GjhBTbaZA64EfI0bQbu-BDRZN3nfcPSxNiQfScQomZ-VxHoy95BqrKwm49z8\" style=\"width: 300px;\"><\/td><td class=\"has-text-align-center\" data-align=\"center\"><img loading=\"lazy\" decoding=\"async\" width=\"353\" height=\"440\" src=\"https:\/\/lh7-us.googleusercontent.com\/JGFQ_gq-SxiyQSkSsTAmc0Y3K86fCRaBHg5VfZn-YnuX63NJoOumFWUBAoAuVvUVTCi9d631osexFYpgbvYKDSnIIiO4jlWQhTUAUAOVpOhAUHBhCbDrPeHMZpQCToibWQPIBd_t4IBBWurfkBRvWc0\"><\/td><td class=\"has-text-align-center\" data-align=\"center\"><img loading=\"lazy\" decoding=\"async\" width=\"602\" height=\"752\" src=\"https:\/\/lh3.googleusercontent.com\/FTXESuTcNSpouaLZWXox8FFE0JjiaMjLa0LzL1CwtEKl1482chmIQ5fwrWnNf69uE8Lsutx1vj27pVybjHjkbQg3tHk840Zdsxkp9RRudPI2PTJFU-Nsf0uv51ZbBFR0iSj_3UMz\"><\/td><\/tr><tr><td class=\"has-text-align-center\" data-align=\"center\">Julian Scharbert<br>Ph.D. Candidate &amp; Project-Coordinator<br>WWU<\/td><td class=\"has-text-align-center\" data-align=\"center\">Julian ter Horst<br><meta charset=\"utf-8\">Ph.D. Candidate &amp; Project-Coordinator<br>UOS<\/td><td class=\"has-text-align-center\" data-align=\"center\">Thomas Reiter<br><meta charset=\"utf-8\">Ph.D. Candidate &amp; Project-Coordinator<br>LMU<\/td><td class=\"has-text-align-center\" data-align=\"center\">Prof. Samuel<br>Gosling, Ph.D.<br>University of Texas at Austin<\/td><\/tr><tr><td class=\"has-text-align-center\" data-align=\"center\"><strong><img loading=\"lazy\" decoding=\"async\" width=\"602\" height=\"752\" src=\"https:\/\/lh3.googleusercontent.com\/S2KnqA85ltdZlTnMJq1O8LW99tWjW6AfxMzKO7i7KP-4t3yAyWAb15u1EV0gAERLHShOcdAGrXJqK8xEyfWacLi5h2uezBOJKIcwaukOPAAkXXt2mzosB9_FrX6PZU-TIM3kpftK=s0\"><\/strong><\/td><td class=\"has-text-align-center\" data-align=\"center\"><\/td><td class=\"has-text-align-center\" data-align=\"center\"><img loading=\"lazy\" decoding=\"async\" width=\"528\" height=\"660\" src=\"https:\/\/lh6.googleusercontent.com\/-IVbmEwlFIdtMR1auRb2gLwdNbE8IgA0ayHerfrBQFQcJwcAJTsUOAT5zskX_LP1RBiryJES9wDdGPmvUHYM_WZXzhV3EWTMlok3HqwBq7jcrBo3UzAGGXWk-k_1j-1uoIc1do2F=s0\"><\/td><td class=\"has-text-align-center\" data-align=\"center\"><img loading=\"lazy\" decoding=\"async\" width=\"602\" height=\"752\" src=\"https:\/\/lh5.googleusercontent.com\/NVwgi-MKwpazG7XXoBmW8_1VrPhRxwRTXBx0SFXpJGHsKC6ZR7D1-FpErhGmoBsv2dpDhFSnGQIx4ab8hs3nWqVqwCufvn2LocISXBVRqDd8m9-R91--7mrDW2gDsRhx-mb4ljQF\"><\/td><\/tr><tr><td class=\"has-text-align-center\" data-align=\"center\">Lara Kr\u00f6ncke<br>Ph.D. Candidate<br>WWU<\/td><td class=\"has-text-align-center\" data-align=\"center\"><\/td><td class=\"has-text-align-center\" data-align=\"center\">Sophia Sakel<br>Ph.D. Candidate &amp; Project-Coordinator<br>LMU<\/td><td class=\"has-text-align-center\" data-align=\"center\">Prof. Dr.<br>Clemens Stachl,<br>University St. Gallen<\/td><\/tr><\/tbody><\/table><\/figure>\n\n\n\n<p><br><\/p>","protected":false},"excerpt":{"rendered":"<p>Coping with Corona (CoCo) &#8211; CoCo-StudyWWU M\u00fcnster &#8211; Universit\u00e4t Osnabr\u00fcck &#8211; LMU M\u00fcnchen \u201cWie gehen verschiedene Personen mit den Ver\u00e4nderungen durch Krisen wie der COVID-19 Pandemie und dem Krieg in der Ukraine um?\u201d \u201cWarum unterscheiden sich Menschen in Ihrem Wohlbefinden w\u00e4hrend Krisensituationen?\u201c Diesen Fragen widmen wir uns im Rahmen unseres gemeinsamen Forschungsprojekts \u201cCoping with Corona\u201d [&hellip;]<\/p>","protected":false},"author":2,"featured_media":0,"parent":0,"menu_order":0,"comment_status":"closed","ping_status":"closed","template":"templates\/template-full-width.php","meta":{"footnotes":""},"class_list":["post-7","page","type-page","status-publish","hentry"],"_links":{"self":[{"href":"https:\/\/coco-study.org\/en\/wp-json\/wp\/v2\/pages\/7","targetHints":{"allow":["GET"]}}],"collection":[{"href":"https:\/\/coco-study.org\/en\/wp-json\/wp\/v2\/pages"}],"about":[{"href":"https:\/\/coco-study.org\/en\/wp-json\/wp\/v2\/types\/page"}],"author":[{"embeddable":true,"href":"https:\/\/coco-study.org\/en\/wp-json\/wp\/v2\/users\/2"}],"replies":[{"embeddable":true,"href":"https:\/\/coco-study.org\/en\/wp-json\/wp\/v2\/comments?post=7"}],"version-history":[{"count":415,"href":"https:\/\/coco-study.org\/en\/wp-json\/wp\/v2\/pages\/7\/revisions"}],"predecessor-version":[{"id":2841,"href":"https:\/\/coco-study.org\/en\/wp-json\/wp\/v2\/pages\/7\/revisions\/2841"}],"wp:attachment":[{"href":"https:\/\/coco-study.org\/en\/wp-json\/wp\/v2\/media?parent=7"}],"curies":[{"name":"wp","href":"https:\/\/api.w.org\/{rel}","templated":true}]}}