{"id":19,"date":"2021-08-23T11:02:39","date_gmt":"2021-08-23T09:02:39","guid":{"rendered":"http:\/\/coco-study.org\/?page_id=19"},"modified":"2022-06-15T13:28:20","modified_gmt":"2022-06-15T13:28:20","slug":"contact","status":"publish","type":"page","link":"https:\/\/coco-study.org\/en\/contact","title":{"rendered":"<img src=\"https:\/\/coco-study.org\/wp-content\/uploads\/2021\/09\/EN-Impressum-Banner.png\">"},"content":{"rendered":"<h2 class=\"wp-block-heading\"><strong>Contact:<\/strong><\/h2>\r\n\r\n\r\n\r\n<p>You are participating in our study and having questions? <br>Please use our <a href=\"https:\/\/www.coco-study.org\/en\/faq\">FAQ section<\/a> and the contact form provided.<\/p>\r\n\r\n\r\n\r\n<h2 class=\"wp-block-heading\" id=\"contactperson\"><br><strong>Imprint<\/strong><\/h2>\r\n\r\n\r\n\r\n<p id=\"contactperson\"><strong>University of Muenster <\/strong><br><strong>(WWU Muenster)<\/strong><br>Work group of Psychological Assessment and Personality Psychology<br>Fliednerstra\u00dfe 21<br>48149 Muenster<br>Project Lead: Prof. Dr. Mitja Back<br>Contact Person: Julian Scharbert<br>julian.scharbert@wwu.de<\/p>\r\n\r\n\r\n\r\n<p><strong>University of Osnabrueck (UOS)<\/strong><br>Institute of Psychology<br>Developmental Psychology<br>Seminarstra\u00dfe 20<br>49074 Osnabrueck<br>Project Lead: Prof. Dr. Maarten van Zalk<br>Contact Person: Julian ter Horst<br>jterhorst@uos.de<\/p>\r\n\r\n\r\n\r\n<p><strong>Ludwig-Maximilians-University Munich <br>(LMU Munich)<\/strong><br>Department of Psychology<br>Chair: Psychological Methods &amp; Assessment<br>Leopoldstra\u00dfe 13<br>80802 Munich<br>Project Lead: Prof. Dr. Markus B\u00fchner<br>Contact Person: Thomas Reiter<br>T.Reiter@psy.lmu.de<\/p>","protected":false},"excerpt":{"rendered":"<p>Kontakt: Sie nehmen an der Studie teil und haben Fragen? Bitte verwenden Sie unsere FAQ-Sektion und das dort bereitgestellte Kontaktformular. Impressum Westf\u00e4lische-Wilhelms-Universit\u00e4t M\u00fcnster (WWU M\u00fcnster)AE Psychologische Diagnostik und Pers\u00f6nlichkeitspsychologieFliednerstra\u00dfe 2148149 M\u00fcnsterProjektleitung: Prof. Dr. Mitja BackAnsprechpartner: Julian Scharbertjulian.scharbert@wwu.de Universit\u00e4t Osnabr\u00fcck (UOS)Institut f\u00fcr PsychologieEntwicklungspsychologieSeminarstra\u00dfe 2049074 Osnabr\u00fcckProjektleitung: Prof. Dr. Maarten van ZalkAnsprechpartner: Julian ter Horstjterhorst@uos.de Ludwig-Maximilians-Universit\u00e4t M\u00fcnchen (LMU [&hellip;]<\/p>","protected":false},"author":2,"featured_media":0,"parent":0,"menu_order":0,"comment_status":"closed","ping_status":"closed","template":"templates\/template-full-width.php","meta":{"footnotes":""},"class_list":["post-19","page","type-page","status-publish","hentry"],"_links":{"self":[{"href":"https:\/\/coco-study.org\/en\/wp-json\/wp\/v2\/pages\/19","targetHints":{"allow":["GET"]}}],"collection":[{"href":"https:\/\/coco-study.org\/en\/wp-json\/wp\/v2\/pages"}],"about":[{"href":"https:\/\/coco-study.org\/en\/wp-json\/wp\/v2\/types\/page"}],"author":[{"embeddable":true,"href":"https:\/\/coco-study.org\/en\/wp-json\/wp\/v2\/users\/2"}],"replies":[{"embeddable":true,"href":"https:\/\/coco-study.org\/en\/wp-json\/wp\/v2\/comments?post=19"}],"version-history":[{"count":23,"href":"https:\/\/coco-study.org\/en\/wp-json\/wp\/v2\/pages\/19\/revisions"}],"predecessor-version":[{"id":2558,"href":"https:\/\/coco-study.org\/en\/wp-json\/wp\/v2\/pages\/19\/revisions\/2558"}],"wp:attachment":[{"href":"https:\/\/coco-study.org\/en\/wp-json\/wp\/v2\/media?parent=19"}],"curies":[{"name":"wp","href":"https:\/\/api.w.org\/{rel}","templated":true}]}}