{"id":17,"date":"2021-08-23T11:02:58","date_gmt":"2021-08-23T09:02:58","guid":{"rendered":"http:\/\/coco-study.org\/?page_id=17"},"modified":"2022-03-18T14:55:55","modified_gmt":"2022-03-18T14:55:55","slug":"data-security","status":"publish","type":"page","link":"https:\/\/coco-study.org\/en\/data-security","title":{"rendered":"<img src=\"https:\/\/coco-study.org\/wp-content\/uploads\/2021\/09\/EN-Datenschutz-Banner.png\">"},"content":{"rendered":"<p>In the <strong><a href=\"https:\/\/coco-study.org\/index.php\/studies\/\" data-type=\"URL\" data-id=\"https:\/\/coco-study.org\/index.php\/studies\/\">International Study<\/a><\/strong> we collect different data with your help. These are always protected in accordance with current technical, scientific and legal standards in compliance with the GDPR.<br>In the following, we have summarized which data will be collected and which measures will be taken to anonymize and protect the collected data. If you are interested in study participation, you will receive further information regarding the data and our data protection measures at the beginning of the study.<\/p>\r\n\r\n\r\n\r\n<p><strong>International ESM - Study&nbsp;<\/strong><\/p>\r\n\r\n\r\n\r\n<p>Collected data:<\/p>\r\n\r\n\r\n\r\n<p class=\" translation-block\">\u25cf Results from pre- and post-surveys <br>(questionnaires assess personality, sleep quality, well-being etc.)<\/p>\r\n\r\n\r\n\r\n<p><meta charset=\"utf-8\">\u25cf Results from experience-sampling surveys<br>(Topics include, for example, social interactions, current attitudes regarding the war in Ukraine and Covid-19, questions about the work situation, questions about mood\/well-being)<\/p>\r\n\r\n\r\n\r\n<p>Data protection measures:<\/p>\r\n\r\n\r\n\r\n<p>\u2713 Anonymized data collection using pseudonyms<br>\u2713 No assessment of identifiable names<br>\u2713 Complete anonymization of data through substitution of pseudonyms after the end of data collection<br>\u2713 Storage of data on encrypted servers<br>\u2713  Data can only be accessed by scientific personnel bound to confidentiality<br>\u2713 Measures conform to the current GDPR (confirmed by the data protection officers of the participating universities)&nbsp;<\/p>\r\n\r\n\r\n\r\n<p><br><br><br><strong><b> <\/b>&nbsp;<\/strong><\/p>\r\n\r\n\r\n\r\n<p><b> <\/b> <\/p>\r\n\r\n\r\n\r\n<p class=\" translation-block\"><b> <\/b><\/p>\r\n\r\n\r\n\r\n<p><meta charset=\"utf-8\"><b>  <\/b> <br><b> <\/b> <\/p>\r\n\r\n\r\n\r\n<p><meta charset=\"utf-8\"><b>  <\/b><br><b>  <\/b><\/p>\r\n\r\n\r\n\r\n<p><b> <\/b> <\/p>\r\n\r\n\r\n\r\n<p><b>  <\/b> <br><b>  <\/b> <br><b>  <\/b> <br><b>  <\/b> <br><b>  <\/b> <br><b>  <\/b>&nbsp;<\/p>","protected":false},"excerpt":{"rendered":"<p>Bei den zwei laufenden Studien erheben wir mit Ihrer Hilfe unterschiedliche Daten. Diese werden jederzeit nach aktuellen technischen, wissenschaftlichen und gesetzlichen Standards DSGVO-konform gesch\u00fctzt.Im Folgenden haben wir f\u00fcr die einzelnen Studien je kurz dargestellt, welche Daten erhoben und welche Ma\u00dfnahmen zur Anonymisierung und zum Schutz der erhobenen Daten ergriffen werden. Wenn Sie sich f\u00fcr eine [&hellip;]<\/p>","protected":false},"author":2,"featured_media":0,"parent":0,"menu_order":0,"comment_status":"closed","ping_status":"closed","template":"templates\/template-full-width.php","meta":{"footnotes":""},"class_list":["post-17","page","type-page","status-publish","hentry"],"_links":{"self":[{"href":"https:\/\/coco-study.org\/en\/wp-json\/wp\/v2\/pages\/17","targetHints":{"allow":["GET"]}}],"collection":[{"href":"https:\/\/coco-study.org\/en\/wp-json\/wp\/v2\/pages"}],"about":[{"href":"https:\/\/coco-study.org\/en\/wp-json\/wp\/v2\/types\/page"}],"author":[{"embeddable":true,"href":"https:\/\/coco-study.org\/en\/wp-json\/wp\/v2\/users\/2"}],"replies":[{"embeddable":true,"href":"https:\/\/coco-study.org\/en\/wp-json\/wp\/v2\/comments?post=17"}],"version-history":[{"count":43,"href":"https:\/\/coco-study.org\/en\/wp-json\/wp\/v2\/pages\/17\/revisions"}],"predecessor-version":[{"id":2361,"href":"https:\/\/coco-study.org\/en\/wp-json\/wp\/v2\/pages\/17\/revisions\/2361"}],"wp:attachment":[{"href":"https:\/\/coco-study.org\/en\/wp-json\/wp\/v2\/media?parent=17"}],"curies":[{"name":"wp","href":"https:\/\/api.w.org\/{rel}","templated":true}]}}